{"id":144390,"date":"2024-11-26T11:15:43","date_gmt":"2024-11-26T11:15:43","guid":{"rendered":"https:\/\/reparlab.com\/encuentra-un-garaje\/"},"modified":"2025-02-05T10:22:13","modified_gmt":"2025-02-05T10:22:13","slug":"encuentra-un-garaje","status":"publish","type":"page","link":"https:\/\/reparlab.com\/es\/encuentra-un-garaje\/","title":{"rendered":"Encontrar un taller"},"content":{"rendered":"\t\t<div data-elementor-type=\"wp-page\" data-elementor-id=\"144390\" class=\"elementor elementor-144390 elementor-109717\" data-elementor-post-type=\"page\">\n\t\t\t\t<div class=\"elementor-element elementor-element-40da418 e-flex e-con-boxed e-con e-parent\" data-id=\"40da418\" data-element_type=\"container\" data-e-type=\"container\" data-settings=\"{&quot;background_background&quot;:&quot;classic&quot;}\">\n\t\t\t\t\t<div class=\"e-con-inner\">\n\t\t\t\t<div class=\"elementor-element elementor-element-3047a6d elementor-widget elementor-widget-heading\" data-id=\"3047a6d\" data-element_type=\"widget\" data-e-type=\"widget\" data-widget_type=\"heading.default\">\n\t\t\t\t<div class=\"elementor-widget-container\">\n\t\t\t\t\t<h1 class=\"elementor-heading-title elementor-size-default\">Encontrar un taller<\/h1>\t\t\t\t<\/div>\n\t\t\t\t<\/div>\n\t\t\t\t\t<\/div>\n\t\t\t\t<\/div>\n\t\t<div class=\"elementor-element elementor-element-08e4d78 e-flex e-con-boxed e-con e-parent\" data-id=\"08e4d78\" data-element_type=\"container\" data-e-type=\"container\" data-settings=\"{&quot;background_background&quot;:&quot;classic&quot;}\">\n\t\t\t\t\t<div class=\"e-con-inner\">\n\t\t\t\t<div class=\"elementor-element elementor-element-ae8396b elementor-widget elementor-widget-breadcrumbs\" data-id=\"ae8396b\" data-element_type=\"widget\" data-e-type=\"widget\" data-widget_type=\"breadcrumbs.default\">\n\t\t\t\t<div class=\"elementor-widget-container\">\n\t\t\t\t\t<p id=\"breadcrumbs\"><span><span><a href=\"https:\/\/reparlab.com\/es\/inicio\/\">Inicio<\/a><\/span><\/span><\/p>\t\t\t\t<\/div>\n\t\t\t\t<\/div>\n\t\t\t\t\t<\/div>\n\t\t\t\t<\/div>\n\t\t<div class=\"elementor-element elementor-element-0529d13 e-flex e-con-boxed e-con e-parent\" data-id=\"0529d13\" data-element_type=\"container\" data-e-type=\"container\">\n\t\t\t\t\t<div class=\"e-con-inner\">\n\t\t\t\t<div class=\"elementor-element elementor-element-62c1486 carte_garages elementor-widget elementor-widget-shortcode\" data-id=\"62c1486\" data-element_type=\"widget\" data-e-type=\"widget\" data-widget_type=\"shortcode.default\">\n\t\t\t\t<div class=\"elementor-widget-container\">\n\t\t\t\t\t\t\t<div class=\"elementor-shortcode\">        <div id=\"store_locator\" class=\"store-locator-container-fluid store_locator modal-body \"  data-hide-stores-on-first-view=\"no\">            <div class=\"store-locator-row\">                        <div id=\"store_locator_search_box\" class=\"store_locator_search_box store-locator-col-12 store-locator-col-sm-12 store-locator-col-md-4\">            <div class=\"store-locator-row\">            <div class=\"store-locator-col-12 store-locator-col-sm-12 store-locator-col-md-12 wordpress-store-locator-block-search_title\">        <h2 class=\"store_modal_title\">Encuentre el taller colaborador m\u00e1s cercano<\/h2>                <span id=\"store_locator_filter_active_filter_box\" class=\"store_locator_filter_active_filter_box\">           <small>Filtro activo:<\/small> <span id=\"store_locator_filter_active_filter\"><\/span>        <\/span>        <\/div><div class=\"store-locator-col-12 store-locator-col-sm-12 store-locator-col-md-12 wordpress-store-locator-block-address_field\">        <div class=\"wordpress-store-locator-address-container\">            <div class=\"store-locator-row\">                <div class=\"store-locator-col-12 store-locator-col-sm-12\">                                        <h5 class=\"wordpress-store-locator-address-title\">direcci\u00f3n<\/h5>                                        <input id=\"store_locator_address_field\" class=\"store_locator_address_field\" type=\"text\" name=\"location\" placeholder=\"escribe tu direcci\u00f3n\" value=\"\">                            <a href=\"#\" id=\"store_locator_get_my_position\" class=\"store_locator_text_actions\"><i class=\"fa fa-crosshairs\"><\/i> Local\u00edzame<\/a>                        <\/div>            <\/div>        <\/div>        <\/div><div class=\"store-locator-col-12 store-locator-col-sm-12 store-locator-col-md-12 wordpress-store-locator-block-filter\">        <div class=\"wordpress-store-locator-filter-container\">            <div class=\"store-locator-row\">                <div id=\"store_locator_filter\" class=\"store_locator_filter\">                                        <div id=\"store_locator_filter_content\" class=\"store_locator_filter_content\" style=\"display: block;\">                        <div class=\"store-locator-row\">                                                        <div class=\"store-locator-col-12 store-locator-col-sm-12 store-locator-col-md-12 wordpress-store-locator-block-store_filter\">        <div class=\"store-locator-col-12 store-locator-col-sm-12  store-locator-filters\">        <div class=\"store-locator-row\">                    <\/div>        <\/div>        <\/div><div class=\"store-locator-col-12 store-locator-col-sm-12 store-locator-col-md-12 wordpress-store-locator-block-radius_filter\">        <div class=\"store-locator-col-12 store-locator-col-sm-12 single_filter store-locator-radius-filter\">                                    <h5 class=\"wordpress-store-locator-radius-title\">Distancia<\/h5>                                    <select name=\"radius\" id=\"store_locator_filter_radius\" class=\"select store_locator_filter_radius\">            <option value=\"5\" >5 km<\/option><option value=\"10\" >10 km<\/option><option value=\"25\" selected=\"selected\">25 km<\/option><option value=\"50\" >50 km<\/option><option value=\"100\" >100 km<\/option>            <\/select>        <\/div>        <\/div>                        <\/div>                    <\/div>                <\/div>            <\/div>        <\/div>        <\/div>            <\/div>        <\/div>                <div id=\"store_locator_main\" class=\"store_locator_main  store-locator-col-12 store-locator-col-sm-12 store-locator-col-md-12\">            <div id=\"store_locator_map\" style=\"height: 100%;\"><\/div>            <div id=\"store_locator_dragged_button\" class=\"btn button et_pb_button button-primary theme-button store_locator_dragged_button\">                Buscar en esta \u00e1rea            <\/div>        <\/div>                <div id=\"store_locator_sidebar\" class=\"store_locator_sidebar store-locator-col-12 store-locator-col-sm-12 store-locator-col-md-12 below\">            <div id=\"store_locator_sidebar_content\" class=\"store_locator_sidebar_content store-locator-row\">                    <div id=\"store_locator_result_list_box\" class=\"store_locator_result_list_box store-locator-col-12 store-locator-col-sm-12\">            <hr class=\"grey\">                            <div id=\"store_locator_result_open_close\" class=\"store_locator_result_open_close\">                    <h3 class=\"store_locator_result_list_title\">Resultados<\/h3>                    <i class=\"fas fa-chevron-up text-right\"><\/i>                <\/div>                                    <div id=\"store_locator_result_list\" class=\"store-locator-row\" style=\"display: flex;\">                            <\/div>        <\/div>                    <\/div>        <\/div>                    <\/div>            <button type=\"button\" id=\"store_modal_close\" class=\"store_modal_close\" data-dismiss=\"modal\" aria-label=\"Close\"><span aria-hidden=\"true\">&times;<\/span><\/button>            <div id=\"store_locator_loading\" class=\"store_locator_loading store_locator_hidden\"><i class=\"fas fa-spinner fa-spin fa-3x\"><\/i><\/div>        <\/div>    <\/div>\n\t\t\t\t\t\t<\/div>\n\t\t\t\t<\/div>\n\t\t\t\t\t<\/div>\n\t\t\t\t<\/div>\n\t\t\t\t<\/div>\n\t\t","protected":false},"excerpt":{"rendered":"","protected":false},"author":5,"featured_media":143456,"parent":0,"menu_order":0,"comment_status":"closed","ping_status":"closed","template":"","meta":{"_acf_changed":false,"footnotes":""},"class_list":["post-144390","page","type-page","status-publish","has-post-thumbnail","hentry"],"acf":[],"yoast_head":"<!-- This site is optimized with the Yoast SEO plugin v27.3 - https:\/\/yoast.com\/product\/yoast-seo-wordpress\/ -->\n<title>Encontrar un taller - Reparlab by Faurecia Clarion I Reparaci\u00f3n de electr\u00f3nica del autom\u00f3vil<\/title>\n<meta name=\"description\" content=\"Reparlab te ayuda a encontrar un taller para reparar tus piezas electr\u00f3nicas en unos pocos clics.\" \/>\n<meta name=\"robots\" content=\"index, follow, max-snippet:-1, max-image-preview:large, max-video-preview:-1\" \/>\n<link rel=\"canonical\" href=\"https:\/\/reparlab.com\/es\/encuentra-un-garaje\/\" \/>\n<meta property=\"og:locale\" content=\"es_ES\" \/>\n<meta property=\"og:type\" content=\"article\" \/>\n<meta property=\"og:title\" content=\"Encontrar un taller - Reparlab by Faurecia Clarion I Reparaci\u00f3n de electr\u00f3nica del autom\u00f3vil\" \/>\n<meta property=\"og:description\" content=\"Reparlab te ayuda a encontrar un taller para reparar tus piezas electr\u00f3nicas en unos pocos clics.\" \/>\n<meta property=\"og:url\" content=\"https:\/\/reparlab.com\/es\/encuentra-un-garaje\/\" \/>\n<meta property=\"og:site_name\" content=\"Reparlab by Faurecia Clarion\" \/>\n<meta property=\"article:modified_time\" content=\"2025-02-05T10:22:13+00:00\" \/>\n<meta property=\"og:image\" content=\"https:\/\/reparlab.com\/wp-content\/uploads\/2024\/12\/AdobeStock_341430073-scaled.jpeg\" \/>\n\t<meta property=\"og:image:width\" content=\"2560\" \/>\n\t<meta property=\"og:image:height\" content=\"1440\" \/>\n\t<meta property=\"og:image:type\" content=\"image\/jpeg\" \/>\n<meta name=\"twitter:card\" content=\"summary_large_image\" \/>\n<script type=\"application\/ld+json\" class=\"yoast-schema-graph\">{\"@context\":\"https:\\\/\\\/schema.org\",\"@graph\":[{\"@type\":\"WebPage\",\"@id\":\"https:\\\/\\\/reparlab.com\\\/es\\\/encuentra-un-garaje\\\/\",\"url\":\"https:\\\/\\\/reparlab.com\\\/es\\\/encuentra-un-garaje\\\/\",\"name\":\"Encontrar un taller - Reparlab by Faurecia Clarion I Reparaci\u00f3n de electr\u00f3nica del autom\u00f3vil\",\"isPartOf\":{\"@id\":\"https:\\\/\\\/reparlab.com\\\/es\\\/#website\"},\"primaryImageOfPage\":{\"@id\":\"https:\\\/\\\/reparlab.com\\\/es\\\/encuentra-un-garaje\\\/#primaryimage\"},\"image\":{\"@id\":\"https:\\\/\\\/reparlab.com\\\/es\\\/encuentra-un-garaje\\\/#primaryimage\"},\"thumbnailUrl\":\"https:\\\/\\\/reparlab.com\\\/wp-content\\\/uploads\\\/2024\\\/12\\\/AdobeStock_341430073-scaled.jpeg\",\"datePublished\":\"2024-11-26T11:15:43+00:00\",\"dateModified\":\"2025-02-05T10:22:13+00:00\",\"description\":\"Reparlab te ayuda a encontrar un taller para reparar tus piezas electr\u00f3nicas en unos pocos clics.\",\"breadcrumb\":{\"@id\":\"https:\\\/\\\/reparlab.com\\\/es\\\/encuentra-un-garaje\\\/#breadcrumb\"},\"inLanguage\":\"es\",\"potentialAction\":[{\"@type\":\"ReadAction\",\"target\":[\"https:\\\/\\\/reparlab.com\\\/es\\\/encuentra-un-garaje\\\/\"]}]},{\"@type\":\"ImageObject\",\"inLanguage\":\"es\",\"@id\":\"https:\\\/\\\/reparlab.com\\\/es\\\/encuentra-un-garaje\\\/#primaryimage\",\"url\":\"https:\\\/\\\/reparlab.com\\\/wp-content\\\/uploads\\\/2024\\\/12\\\/AdobeStock_341430073-scaled.jpeg\",\"contentUrl\":\"https:\\\/\\\/reparlab.com\\\/wp-content\\\/uploads\\\/2024\\\/12\\\/AdobeStock_341430073-scaled.jpeg\",\"width\":2560,\"height\":1440,\"caption\":\"Two Mechanics in a Service are Inspecting a Car After They Got the Diagnostics Results. Female Specialist is Comparing the Data on a Tablet Computer. Repairman is Using a Ratchet to Repair the Faults.\"},{\"@type\":\"BreadcrumbList\",\"@id\":\"https:\\\/\\\/reparlab.com\\\/es\\\/encuentra-un-garaje\\\/#breadcrumb\",\"itemListElement\":[{\"@type\":\"ListItem\",\"position\":1,\"name\":\"Inicio\",\"item\":\"https:\\\/\\\/reparlab.com\\\/es\\\/inicio\\\/\"},{\"@type\":\"ListItem\",\"position\":2,\"name\":\"Encontrar un taller\"}]},{\"@type\":\"WebSite\",\"@id\":\"https:\\\/\\\/reparlab.com\\\/es\\\/#website\",\"url\":\"https:\\\/\\\/reparlab.com\\\/es\\\/\",\"name\":\"Reparlab by Faurecia Clarion\",\"description\":\"Une seconde vie pour vos pi\u00e8ces \u00e9lectroniques\",\"potentialAction\":[{\"@type\":\"SearchAction\",\"target\":{\"@type\":\"EntryPoint\",\"urlTemplate\":\"https:\\\/\\\/reparlab.com\\\/es\\\/?s={search_term_string}\"},\"query-input\":{\"@type\":\"PropertyValueSpecification\",\"valueRequired\":true,\"valueName\":\"search_term_string\"}}],\"inLanguage\":\"es\"}]}<\/script>\n<!-- \/ Yoast SEO plugin. -->","yoast_head_json":{"title":"Encontrar un taller - Reparlab by Faurecia Clarion I Reparaci\u00f3n de electr\u00f3nica del autom\u00f3vil","description":"Reparlab te ayuda a encontrar un taller para reparar tus piezas electr\u00f3nicas en unos pocos clics.","robots":{"index":"index","follow":"follow","max-snippet":"max-snippet:-1","max-image-preview":"max-image-preview:large","max-video-preview":"max-video-preview:-1"},"canonical":"https:\/\/reparlab.com\/es\/encuentra-un-garaje\/","og_locale":"es_ES","og_type":"article","og_title":"Encontrar un taller - Reparlab by Faurecia Clarion I Reparaci\u00f3n de electr\u00f3nica del autom\u00f3vil","og_description":"Reparlab te ayuda a encontrar un taller para reparar tus piezas electr\u00f3nicas en unos pocos clics.","og_url":"https:\/\/reparlab.com\/es\/encuentra-un-garaje\/","og_site_name":"Reparlab by Faurecia Clarion","article_modified_time":"2025-02-05T10:22:13+00:00","og_image":[{"width":2560,"height":1440,"url":"https:\/\/reparlab.com\/wp-content\/uploads\/2024\/12\/AdobeStock_341430073-scaled.jpeg","type":"image\/jpeg"}],"twitter_card":"summary_large_image","schema":{"@context":"https:\/\/schema.org","@graph":[{"@type":"WebPage","@id":"https:\/\/reparlab.com\/es\/encuentra-un-garaje\/","url":"https:\/\/reparlab.com\/es\/encuentra-un-garaje\/","name":"Encontrar un taller - Reparlab by Faurecia Clarion I Reparaci\u00f3n de electr\u00f3nica del autom\u00f3vil","isPartOf":{"@id":"https:\/\/reparlab.com\/es\/#website"},"primaryImageOfPage":{"@id":"https:\/\/reparlab.com\/es\/encuentra-un-garaje\/#primaryimage"},"image":{"@id":"https:\/\/reparlab.com\/es\/encuentra-un-garaje\/#primaryimage"},"thumbnailUrl":"https:\/\/reparlab.com\/wp-content\/uploads\/2024\/12\/AdobeStock_341430073-scaled.jpeg","datePublished":"2024-11-26T11:15:43+00:00","dateModified":"2025-02-05T10:22:13+00:00","description":"Reparlab te ayuda a encontrar un taller para reparar tus piezas electr\u00f3nicas en unos pocos clics.","breadcrumb":{"@id":"https:\/\/reparlab.com\/es\/encuentra-un-garaje\/#breadcrumb"},"inLanguage":"es","potentialAction":[{"@type":"ReadAction","target":["https:\/\/reparlab.com\/es\/encuentra-un-garaje\/"]}]},{"@type":"ImageObject","inLanguage":"es","@id":"https:\/\/reparlab.com\/es\/encuentra-un-garaje\/#primaryimage","url":"https:\/\/reparlab.com\/wp-content\/uploads\/2024\/12\/AdobeStock_341430073-scaled.jpeg","contentUrl":"https:\/\/reparlab.com\/wp-content\/uploads\/2024\/12\/AdobeStock_341430073-scaled.jpeg","width":2560,"height":1440,"caption":"Two Mechanics in a Service are Inspecting a Car After They Got the Diagnostics Results. Female Specialist is Comparing the Data on a Tablet Computer. Repairman is Using a Ratchet to Repair the Faults."},{"@type":"BreadcrumbList","@id":"https:\/\/reparlab.com\/es\/encuentra-un-garaje\/#breadcrumb","itemListElement":[{"@type":"ListItem","position":1,"name":"Inicio","item":"https:\/\/reparlab.com\/es\/inicio\/"},{"@type":"ListItem","position":2,"name":"Encontrar un taller"}]},{"@type":"WebSite","@id":"https:\/\/reparlab.com\/es\/#website","url":"https:\/\/reparlab.com\/es\/","name":"Reparlab by Faurecia Clarion","description":"Une seconde vie pour vos pi\u00e8ces \u00e9lectroniques","potentialAction":[{"@type":"SearchAction","target":{"@type":"EntryPoint","urlTemplate":"https:\/\/reparlab.com\/es\/?s={search_term_string}"},"query-input":{"@type":"PropertyValueSpecification","valueRequired":true,"valueName":"search_term_string"}}],"inLanguage":"es"}]}},"_links":{"self":[{"href":"https:\/\/reparlab.com\/es\/wp-json\/wp\/v2\/pages\/144390","targetHints":{"allow":["GET"]}}],"collection":[{"href":"https:\/\/reparlab.com\/es\/wp-json\/wp\/v2\/pages"}],"about":[{"href":"https:\/\/reparlab.com\/es\/wp-json\/wp\/v2\/types\/page"}],"author":[{"embeddable":true,"href":"https:\/\/reparlab.com\/es\/wp-json\/wp\/v2\/users\/5"}],"replies":[{"embeddable":true,"href":"https:\/\/reparlab.com\/es\/wp-json\/wp\/v2\/comments?post=144390"}],"version-history":[{"count":2,"href":"https:\/\/reparlab.com\/es\/wp-json\/wp\/v2\/pages\/144390\/revisions"}],"predecessor-version":[{"id":185549,"href":"https:\/\/reparlab.com\/es\/wp-json\/wp\/v2\/pages\/144390\/revisions\/185549"}],"wp:featuredmedia":[{"embeddable":true,"href":"https:\/\/reparlab.com\/es\/wp-json\/wp\/v2\/media\/143456"}],"wp:attachment":[{"href":"https:\/\/reparlab.com\/es\/wp-json\/wp\/v2\/media?parent=144390"}],"curies":[{"name":"wp","href":"https:\/\/api.w.org\/{rel}","templated":true}]}}