{"id":144369,"date":"2024-11-26T11:15:43","date_gmt":"2024-11-26T11:15:43","guid":{"rendered":"https:\/\/reparlab.com\/procura-uma-garagem\/"},"modified":"2025-02-05T10:22:53","modified_gmt":"2025-02-05T10:22:53","slug":"procura-uma-garagem","status":"publish","type":"page","link":"https:\/\/reparlab.com\/pt-pt\/procura-uma-garagem\/","title":{"rendered":"Encontrar uma oficina"},"content":{"rendered":"\t\t<div data-elementor-type=\"wp-page\" data-elementor-id=\"144369\" class=\"elementor elementor-144369 elementor-109717\" data-elementor-post-type=\"page\">\n\t\t\t\t<div class=\"elementor-element elementor-element-40da418 e-flex e-con-boxed e-con e-parent\" data-id=\"40da418\" data-element_type=\"container\" data-e-type=\"container\" data-settings=\"{&quot;background_background&quot;:&quot;classic&quot;}\">\n\t\t\t\t\t<div class=\"e-con-inner\">\n\t\t\t\t<div class=\"elementor-element elementor-element-3047a6d elementor-widget elementor-widget-heading\" data-id=\"3047a6d\" data-element_type=\"widget\" data-e-type=\"widget\" data-widget_type=\"heading.default\">\n\t\t\t\t<div class=\"elementor-widget-container\">\n\t\t\t\t\t<h1 class=\"elementor-heading-title elementor-size-default\">Encontrar uma oficina<\/h1>\t\t\t\t<\/div>\n\t\t\t\t<\/div>\n\t\t\t\t\t<\/div>\n\t\t\t\t<\/div>\n\t\t<div class=\"elementor-element elementor-element-08e4d78 e-flex e-con-boxed e-con e-parent\" data-id=\"08e4d78\" data-element_type=\"container\" data-e-type=\"container\" data-settings=\"{&quot;background_background&quot;:&quot;classic&quot;}\">\n\t\t\t\t\t<div class=\"e-con-inner\">\n\t\t\t\t<div class=\"elementor-element elementor-element-ae8396b elementor-widget elementor-widget-breadcrumbs\" data-id=\"ae8396b\" data-element_type=\"widget\" data-e-type=\"widget\" data-widget_type=\"breadcrumbs.default\">\n\t\t\t\t<div class=\"elementor-widget-container\">\n\t\t\t\t\t<p id=\"breadcrumbs\"><span><span><a href=\"https:\/\/reparlab.com\/pt-pt\/casa\/\">In\u00edcio<\/a><\/span><\/span><\/p>\t\t\t\t<\/div>\n\t\t\t\t<\/div>\n\t\t\t\t\t<\/div>\n\t\t\t\t<\/div>\n\t\t<div class=\"elementor-element elementor-element-0529d13 e-flex e-con-boxed e-con e-parent\" data-id=\"0529d13\" data-element_type=\"container\" data-e-type=\"container\">\n\t\t\t\t\t<div class=\"e-con-inner\">\n\t\t\t\t<div class=\"elementor-element elementor-element-62c1486 carte_garages elementor-widget elementor-widget-shortcode\" data-id=\"62c1486\" data-element_type=\"widget\" data-e-type=\"widget\" data-widget_type=\"shortcode.default\">\n\t\t\t\t<div class=\"elementor-widget-container\">\n\t\t\t\t\t\t\t<div class=\"elementor-shortcode\">        <div id=\"store_locator\" class=\"store-locator-container-fluid store_locator modal-body \"  data-hide-stores-on-first-view=\"no\">            <div class=\"store-locator-row\">                        <div id=\"store_locator_search_box\" class=\"store_locator_search_box store-locator-col-12 store-locator-col-sm-12 store-locator-col-md-4\">            <div class=\"store-locator-row\">            <div class=\"store-locator-col-12 store-locator-col-sm-12 store-locator-col-md-12 wordpress-store-locator-block-search_title\">        <h2 class=\"store_modal_title\">Procure a oficina de parceiros mais pr\u00f3xima de si<\/h2>                <span id=\"store_locator_filter_active_filter_box\" class=\"store_locator_filter_active_filter_box\">           <small>Active Filter:<\/small> <span id=\"store_locator_filter_active_filter\"><\/span>        <\/span>        <\/div><div class=\"store-locator-col-12 store-locator-col-sm-12 store-locator-col-md-12 wordpress-store-locator-block-address_field\">        <div class=\"wordpress-store-locator-address-container\">            <div class=\"store-locator-row\">                <div class=\"store-locator-col-12 store-locator-col-sm-12\">                                        <h5 class=\"wordpress-store-locator-address-title\">Endere\u00e7o<\/h5>                                        <input id=\"store_locator_address_field\" class=\"store_locator_address_field\" type=\"text\" name=\"location\" placeholder=\"escreva o seu endere\u00e7o\" value=\"\">                            <a href=\"#\" id=\"store_locator_get_my_position\" class=\"store_locator_text_actions\"><i class=\"fa fa-crosshairs\"><\/i> Localizar-me<\/a>                        <\/div>            <\/div>        <\/div>        <\/div><div class=\"store-locator-col-12 store-locator-col-sm-12 store-locator-col-md-12 wordpress-store-locator-block-filter\">        <div class=\"wordpress-store-locator-filter-container\">            <div class=\"store-locator-row\">                <div id=\"store_locator_filter\" class=\"store_locator_filter\">                                        <div id=\"store_locator_filter_content\" class=\"store_locator_filter_content\" style=\"display: block;\">                        <div class=\"store-locator-row\">                                                        <div class=\"store-locator-col-12 store-locator-col-sm-12 store-locator-col-md-12 wordpress-store-locator-block-store_filter\">        <div class=\"store-locator-col-12 store-locator-col-sm-12  store-locator-filters\">        <div class=\"store-locator-row\">                    <\/div>        <\/div>        <\/div><div class=\"store-locator-col-12 store-locator-col-sm-12 store-locator-col-md-12 wordpress-store-locator-block-radius_filter\">        <div class=\"store-locator-col-12 store-locator-col-sm-12 single_filter store-locator-radius-filter\">                                    <h5 class=\"wordpress-store-locator-radius-title\">Dist\u00e2ncia<\/h5>                                    <select name=\"radius\" id=\"store_locator_filter_radius\" class=\"select store_locator_filter_radius\">            <option value=\"5\" >5 km<\/option><option value=\"10\" >10 km<\/option><option value=\"25\" selected=\"selected\">25 km<\/option><option value=\"50\" >50 km<\/option><option value=\"100\" >100 km<\/option>            <\/select>        <\/div>        <\/div>                        <\/div>                    <\/div>                <\/div>            <\/div>        <\/div>        <\/div>            <\/div>        <\/div>                <div id=\"store_locator_main\" class=\"store_locator_main  store-locator-col-12 store-locator-col-sm-12 store-locator-col-md-12\">            <div id=\"store_locator_map\" style=\"height: 100%;\"><\/div>            <div id=\"store_locator_dragged_button\" class=\"btn button et_pb_button button-primary theme-button store_locator_dragged_button\">                Search in this Area            <\/div>        <\/div>                <div id=\"store_locator_sidebar\" class=\"store_locator_sidebar store-locator-col-12 store-locator-col-sm-12 store-locator-col-md-12 below\">            <div id=\"store_locator_sidebar_content\" class=\"store_locator_sidebar_content store-locator-row\">                    <div id=\"store_locator_result_list_box\" class=\"store_locator_result_list_box store-locator-col-12 store-locator-col-sm-12\">            <hr class=\"grey\">                            <div id=\"store_locator_result_open_close\" class=\"store_locator_result_open_close\">                    <h3 class=\"store_locator_result_list_title\">Resultados<\/h3>                    <i class=\"fas fa-chevron-up text-right\"><\/i>                <\/div>                                    <div id=\"store_locator_result_list\" class=\"store-locator-row\" style=\"display: flex;\">                            <\/div>        <\/div>                    <\/div>        <\/div>                    <\/div>            <button type=\"button\" id=\"store_modal_close\" class=\"store_modal_close\" data-dismiss=\"modal\" aria-label=\"Close\"><span aria-hidden=\"true\">&times;<\/span><\/button>            <div id=\"store_locator_loading\" class=\"store_locator_loading store_locator_hidden\"><i class=\"fas fa-spinner fa-spin fa-3x\"><\/i><\/div>        <\/div>    <\/div>\n\t\t\t\t\t\t<\/div>\n\t\t\t\t<\/div>\n\t\t\t\t\t<\/div>\n\t\t\t\t<\/div>\n\t\t\t\t<\/div>\n\t\t","protected":false},"excerpt":{"rendered":"","protected":false},"author":5,"featured_media":143455,"parent":0,"menu_order":0,"comment_status":"closed","ping_status":"closed","template":"","meta":{"_acf_changed":false,"footnotes":""},"class_list":["post-144369","page","type-page","status-publish","has-post-thumbnail","hentry"],"acf":[],"yoast_head":"<!-- This site is optimized with the Yoast SEO plugin v27.4 - https:\/\/yoast.com\/product\/yoast-seo-wordpress\/ -->\n<title>Encontrar uma oficina - Reparlab by Faurecia Clarion I Repara\u00e7\u00e3o de eletr\u00f3nica autom\u00f3vel<\/title>\n<meta name=\"description\" content=\"A Reparlab ajuda-te a encontrar uma oficina para reparar as tuas pe\u00e7as electr\u00f3nicas com apenas alguns cliques.\" \/>\n<meta name=\"robots\" content=\"index, follow, max-snippet:-1, max-image-preview:large, max-video-preview:-1\" \/>\n<link rel=\"canonical\" href=\"https:\/\/reparlab.com\/pt-pt\/procura-uma-garagem\/\" \/>\n<meta property=\"og:locale\" content=\"pt_PT\" \/>\n<meta property=\"og:type\" content=\"article\" \/>\n<meta property=\"og:title\" content=\"Encontrar uma oficina - Reparlab by Faurecia Clarion I Repara\u00e7\u00e3o de eletr\u00f3nica autom\u00f3vel\" \/>\n<meta property=\"og:description\" content=\"A Reparlab ajuda-te a encontrar uma oficina para reparar as tuas pe\u00e7as electr\u00f3nicas com apenas alguns cliques.\" \/>\n<meta property=\"og:url\" content=\"https:\/\/reparlab.com\/pt-pt\/procura-uma-garagem\/\" \/>\n<meta property=\"og:site_name\" content=\"Reparlab by Faurecia Clarion\" \/>\n<meta property=\"article:modified_time\" content=\"2025-02-05T10:22:53+00:00\" \/>\n<meta property=\"og:image\" content=\"https:\/\/reparlab.com\/wp-content\/uploads\/2024\/12\/AdobeStock_341430073-scaled.jpeg\" \/>\n\t<meta property=\"og:image:width\" content=\"2560\" \/>\n\t<meta property=\"og:image:height\" content=\"1440\" \/>\n\t<meta property=\"og:image:type\" content=\"image\/jpeg\" \/>\n<meta name=\"twitter:card\" content=\"summary_large_image\" \/>\n<script type=\"application\/ld+json\" class=\"yoast-schema-graph\">{\"@context\":\"https:\\\/\\\/schema.org\",\"@graph\":[{\"@type\":\"WebPage\",\"@id\":\"https:\\\/\\\/reparlab.com\\\/pt-pt\\\/procura-uma-garagem\\\/\",\"url\":\"https:\\\/\\\/reparlab.com\\\/pt-pt\\\/procura-uma-garagem\\\/\",\"name\":\"Encontrar uma oficina - Reparlab by Faurecia Clarion I Repara\u00e7\u00e3o de eletr\u00f3nica autom\u00f3vel\",\"isPartOf\":{\"@id\":\"https:\\\/\\\/reparlab.com\\\/pt-pt\\\/#website\"},\"primaryImageOfPage\":{\"@id\":\"https:\\\/\\\/reparlab.com\\\/pt-pt\\\/procura-uma-garagem\\\/#primaryimage\"},\"image\":{\"@id\":\"https:\\\/\\\/reparlab.com\\\/pt-pt\\\/procura-uma-garagem\\\/#primaryimage\"},\"thumbnailUrl\":\"https:\\\/\\\/reparlab.com\\\/wp-content\\\/uploads\\\/2024\\\/12\\\/AdobeStock_341430073-scaled.jpeg\",\"datePublished\":\"2024-11-26T11:15:43+00:00\",\"dateModified\":\"2025-02-05T10:22:53+00:00\",\"description\":\"A Reparlab ajuda-te a encontrar uma oficina para reparar as tuas pe\u00e7as electr\u00f3nicas com apenas alguns cliques.\",\"breadcrumb\":{\"@id\":\"https:\\\/\\\/reparlab.com\\\/pt-pt\\\/procura-uma-garagem\\\/#breadcrumb\"},\"inLanguage\":\"pt-PT\",\"potentialAction\":[{\"@type\":\"ReadAction\",\"target\":[\"https:\\\/\\\/reparlab.com\\\/pt-pt\\\/procura-uma-garagem\\\/\"]}]},{\"@type\":\"ImageObject\",\"inLanguage\":\"pt-PT\",\"@id\":\"https:\\\/\\\/reparlab.com\\\/pt-pt\\\/procura-uma-garagem\\\/#primaryimage\",\"url\":\"https:\\\/\\\/reparlab.com\\\/wp-content\\\/uploads\\\/2024\\\/12\\\/AdobeStock_341430073-scaled.jpeg\",\"contentUrl\":\"https:\\\/\\\/reparlab.com\\\/wp-content\\\/uploads\\\/2024\\\/12\\\/AdobeStock_341430073-scaled.jpeg\",\"width\":2560,\"height\":1440,\"caption\":\"Two Mechanics in a Service are Inspecting a Car After They Got the Diagnostics Results. Female Specialist is Comparing the Data on a Tablet Computer. Repairman is Using a Ratchet to Repair the Faults.\"},{\"@type\":\"BreadcrumbList\",\"@id\":\"https:\\\/\\\/reparlab.com\\\/pt-pt\\\/procura-uma-garagem\\\/#breadcrumb\",\"itemListElement\":[{\"@type\":\"ListItem\",\"position\":1,\"name\":\"In\u00edcio\",\"item\":\"https:\\\/\\\/reparlab.com\\\/pt-pt\\\/casa\\\/\"},{\"@type\":\"ListItem\",\"position\":2,\"name\":\"Encontrar uma oficina\"}]},{\"@type\":\"WebSite\",\"@id\":\"https:\\\/\\\/reparlab.com\\\/pt-pt\\\/#website\",\"url\":\"https:\\\/\\\/reparlab.com\\\/pt-pt\\\/\",\"name\":\"Reparlab by Faurecia Clarion\",\"description\":\"Une seconde vie pour vos pi\u00e8ces \u00e9lectroniques\",\"potentialAction\":[{\"@type\":\"SearchAction\",\"target\":{\"@type\":\"EntryPoint\",\"urlTemplate\":\"https:\\\/\\\/reparlab.com\\\/pt-pt\\\/?s={search_term_string}\"},\"query-input\":{\"@type\":\"PropertyValueSpecification\",\"valueRequired\":true,\"valueName\":\"search_term_string\"}}],\"inLanguage\":\"pt-PT\"}]}<\/script>\n<!-- \/ Yoast SEO plugin. -->","yoast_head_json":{"title":"Encontrar uma oficina - Reparlab by Faurecia Clarion I Repara\u00e7\u00e3o de eletr\u00f3nica autom\u00f3vel","description":"A Reparlab ajuda-te a encontrar uma oficina para reparar as tuas pe\u00e7as electr\u00f3nicas com apenas alguns cliques.","robots":{"index":"index","follow":"follow","max-snippet":"max-snippet:-1","max-image-preview":"max-image-preview:large","max-video-preview":"max-video-preview:-1"},"canonical":"https:\/\/reparlab.com\/pt-pt\/procura-uma-garagem\/","og_locale":"pt_PT","og_type":"article","og_title":"Encontrar uma oficina - Reparlab by Faurecia Clarion I Repara\u00e7\u00e3o de eletr\u00f3nica autom\u00f3vel","og_description":"A Reparlab ajuda-te a encontrar uma oficina para reparar as tuas pe\u00e7as electr\u00f3nicas com apenas alguns cliques.","og_url":"https:\/\/reparlab.com\/pt-pt\/procura-uma-garagem\/","og_site_name":"Reparlab by Faurecia Clarion","article_modified_time":"2025-02-05T10:22:53+00:00","og_image":[{"width":2560,"height":1440,"url":"https:\/\/reparlab.com\/wp-content\/uploads\/2024\/12\/AdobeStock_341430073-scaled.jpeg","type":"image\/jpeg"}],"twitter_card":"summary_large_image","schema":{"@context":"https:\/\/schema.org","@graph":[{"@type":"WebPage","@id":"https:\/\/reparlab.com\/pt-pt\/procura-uma-garagem\/","url":"https:\/\/reparlab.com\/pt-pt\/procura-uma-garagem\/","name":"Encontrar uma oficina - Reparlab by Faurecia Clarion I Repara\u00e7\u00e3o de eletr\u00f3nica autom\u00f3vel","isPartOf":{"@id":"https:\/\/reparlab.com\/pt-pt\/#website"},"primaryImageOfPage":{"@id":"https:\/\/reparlab.com\/pt-pt\/procura-uma-garagem\/#primaryimage"},"image":{"@id":"https:\/\/reparlab.com\/pt-pt\/procura-uma-garagem\/#primaryimage"},"thumbnailUrl":"https:\/\/reparlab.com\/wp-content\/uploads\/2024\/12\/AdobeStock_341430073-scaled.jpeg","datePublished":"2024-11-26T11:15:43+00:00","dateModified":"2025-02-05T10:22:53+00:00","description":"A Reparlab ajuda-te a encontrar uma oficina para reparar as tuas pe\u00e7as electr\u00f3nicas com apenas alguns cliques.","breadcrumb":{"@id":"https:\/\/reparlab.com\/pt-pt\/procura-uma-garagem\/#breadcrumb"},"inLanguage":"pt-PT","potentialAction":[{"@type":"ReadAction","target":["https:\/\/reparlab.com\/pt-pt\/procura-uma-garagem\/"]}]},{"@type":"ImageObject","inLanguage":"pt-PT","@id":"https:\/\/reparlab.com\/pt-pt\/procura-uma-garagem\/#primaryimage","url":"https:\/\/reparlab.com\/wp-content\/uploads\/2024\/12\/AdobeStock_341430073-scaled.jpeg","contentUrl":"https:\/\/reparlab.com\/wp-content\/uploads\/2024\/12\/AdobeStock_341430073-scaled.jpeg","width":2560,"height":1440,"caption":"Two Mechanics in a Service are Inspecting a Car After They Got the Diagnostics Results. Female Specialist is Comparing the Data on a Tablet Computer. Repairman is Using a Ratchet to Repair the Faults."},{"@type":"BreadcrumbList","@id":"https:\/\/reparlab.com\/pt-pt\/procura-uma-garagem\/#breadcrumb","itemListElement":[{"@type":"ListItem","position":1,"name":"In\u00edcio","item":"https:\/\/reparlab.com\/pt-pt\/casa\/"},{"@type":"ListItem","position":2,"name":"Encontrar uma oficina"}]},{"@type":"WebSite","@id":"https:\/\/reparlab.com\/pt-pt\/#website","url":"https:\/\/reparlab.com\/pt-pt\/","name":"Reparlab by Faurecia Clarion","description":"Une seconde vie pour vos pi\u00e8ces \u00e9lectroniques","potentialAction":[{"@type":"SearchAction","target":{"@type":"EntryPoint","urlTemplate":"https:\/\/reparlab.com\/pt-pt\/?s={search_term_string}"},"query-input":{"@type":"PropertyValueSpecification","valueRequired":true,"valueName":"search_term_string"}}],"inLanguage":"pt-PT"}]}},"_links":{"self":[{"href":"https:\/\/reparlab.com\/pt-pt\/wp-json\/wp\/v2\/pages\/144369","targetHints":{"allow":["GET"]}}],"collection":[{"href":"https:\/\/reparlab.com\/pt-pt\/wp-json\/wp\/v2\/pages"}],"about":[{"href":"https:\/\/reparlab.com\/pt-pt\/wp-json\/wp\/v2\/types\/page"}],"author":[{"embeddable":true,"href":"https:\/\/reparlab.com\/pt-pt\/wp-json\/wp\/v2\/users\/5"}],"replies":[{"embeddable":true,"href":"https:\/\/reparlab.com\/pt-pt\/wp-json\/wp\/v2\/comments?post=144369"}],"version-history":[{"count":2,"href":"https:\/\/reparlab.com\/pt-pt\/wp-json\/wp\/v2\/pages\/144369\/revisions"}],"predecessor-version":[{"id":185547,"href":"https:\/\/reparlab.com\/pt-pt\/wp-json\/wp\/v2\/pages\/144369\/revisions\/185547"}],"wp:featuredmedia":[{"embeddable":true,"href":"https:\/\/reparlab.com\/pt-pt\/wp-json\/wp\/v2\/media\/143455"}],"wp:attachment":[{"href":"https:\/\/reparlab.com\/pt-pt\/wp-json\/wp\/v2\/media?parent=144369"}],"curies":[{"name":"wp","href":"https:\/\/api.w.org\/{rel}","templated":true}]}}